{"id":51,"date":"2020-08-27T22:33:34","date_gmt":"2020-08-28T02:33:34","guid":{"rendered":"http:\/\/akulainterpreting.com\/?page_id=51"},"modified":"2020-11-11T03:31:10","modified_gmt":"2020-11-11T03:31:10","slug":"services","status":"publish","type":"page","link":"https:\/\/akulainterpreting.com\/fr\/services\/","title":{"rendered":"Services"},"content":{"rendered":"\n<div class=\"wp-block-group alignfull has-background-background-color has-background\"><div class=\"wp-block-group__inner-container is-layout-flow wp-block-group-is-layout-flow\">\n<div class=\"wp-block-jetpack-layout-grid alignfull column1-desktop-grid__span-3 column1-desktop-grid__start-2 column1-desktop-grid__row-1 column2-desktop-grid__span-6 column2-desktop-grid__start-6 column2-desktop-grid__row-1 column1-tablet-grid__span-3 column1-tablet-grid__row-1 column2-tablet-grid__span-5 column2-tablet-grid__start-4 column2-tablet-grid__row-1 column1-mobile-grid__span-4 column1-mobile-grid__row-1 column2-mobile-grid__span-4 column2-mobile-grid__row-2 wp-block-jetpack-layout-gutter__nowrap\">\n<div class=\"wp-block-jetpack-layout-grid-column wp-block-jetpack-layout-grid__padding-none\">\n<figure class=\"wp-block-image size-large is-resized is-style-circle-mask\"><img data-recalc-dims=\"1\" loading=\"lazy\" decoding=\"async\" src=\"https:\/\/i0.wp.com\/akulainterpreting.com\/wp-content\/uploads\/sites\/22\/2020\/08\/mbombo-diane-headshot.jpg?resize=316%2C316&#038;ssl=1\" alt=\"\" class=\"wp-image-48\" width=\"316\" height=\"316\" srcset=\"https:\/\/i0.wp.com\/akulainterpreting.com\/fr\/wp-content\/uploads\/sites\/22\/2020\/08\/mbombo-diane-headshot.jpg?w=1672&amp;ssl=1 1672w, https:\/\/i0.wp.com\/akulainterpreting.com\/fr\/wp-content\/uploads\/sites\/22\/2020\/08\/mbombo-diane-headshot.jpg?resize=300%2C300&amp;ssl=1 300w, https:\/\/i0.wp.com\/akulainterpreting.com\/fr\/wp-content\/uploads\/sites\/22\/2020\/08\/mbombo-diane-headshot.jpg?resize=1024%2C1024&amp;ssl=1 1024w, https:\/\/i0.wp.com\/akulainterpreting.com\/fr\/wp-content\/uploads\/sites\/22\/2020\/08\/mbombo-diane-headshot.jpg?resize=150%2C150&amp;ssl=1 150w, https:\/\/i0.wp.com\/akulainterpreting.com\/fr\/wp-content\/uploads\/sites\/22\/2020\/08\/mbombo-diane-headshot.jpg?resize=768%2C768&amp;ssl=1 768w, https:\/\/i0.wp.com\/akulainterpreting.com\/fr\/wp-content\/uploads\/sites\/22\/2020\/08\/mbombo-diane-headshot.jpg?resize=1536%2C1536&amp;ssl=1 1536w, https:\/\/i0.wp.com\/akulainterpreting.com\/fr\/wp-content\/uploads\/sites\/22\/2020\/08\/mbombo-diane-headshot.jpg?resize=1568%2C1568&amp;ssl=1 1568w\" sizes=\"auto, (max-width: 316px) 100vw, 316px\" \/><figcaption>Diane Mbombo Tite<br>Fondatrice et D.G. d\u2019Akula Interpr\u00e9tation et traduction SARL<\/figcaption><\/figure>\n\n\n\n<p class=\"has-small-font-size\">Je suis n\u00e9e \u00e0 Kinshasa, RDC ou R\u00e9publique D\u00e9mocratique du Congo. \u00c9tablie g\u00e9ographiquement au centre de l\u2019Afrique, la RDC abrite (environ) 80 millions d\u2019habitants et \u00e0 peu pr\u00e8s 300 langues.<\/p>\n\n\n\n<p class=\"has-small-font-size\">J\u2019ai grandi dans un syst\u00e8me propice \u00e0 la ma\u00eetrise de plusieurs langues  ; cet apprentissage a \u00e9t\u00e9 rendu possible gr\u00e2ce au syst\u00e8me \u00e9ducatif, \u00e0 la famille et \u00e0 l\u2019interaction social. J&#8217;ai appris tr\u00e8s jeune quatre langues qui sont :  le fran\u00e7ais, le lingala, swahili et ciluba   et plus tard j\u2019ai appris la cinqui\u00e8me, l\u2019anglais.<\/p>\n<\/div>\n\n\n\n<div class=\"wp-block-jetpack-layout-grid-column wp-block-jetpack-layout-grid__padding-none\">\n<h2 class=\"wp-block-heading\">Chez Akula Interpr\u00e9tariat et Traduction SARL, notre objectif est de faire entendre la voix de chacun et de ce fait  promouvoir ceux qui ont besoin de nos services.<\/h2>\n\n\n\n<div style=\"height:32px\" aria-hidden=\"true\" class=\"wp-block-spacer\"><\/div>\n\n\n\n<p class=\"has-large-font-size\">Nos Services:<\/p>\n\n\n\n<div style=\"height:40px\" aria-hidden=\"true\" class=\"wp-block-spacer\"><\/div>\n\n\n\n<h4 class=\"wp-block-heading\">T\u00e9l\u00e9 Interpr\u00e9tariat<\/h4>\n\n\n\n<p>Avec ces changements dans notre monde et dans notre quotidien cons\u00e9cutif \u00e0 la Covid \u2013 19, les demandes de services \u00e0 distance connaissent un essor. La pand\u00e9mie a brusquement chang\u00e9 nos routines, et nous a pouss\u00e9s \u00e0 nous adapter, en sollicitant souvent des services \u00e0 distance.<\/p>\n\n\n\n<div style=\"height:40px\" aria-hidden=\"true\" class=\"wp-block-spacer\"><\/div>\n\n\n\n<h4 class=\"wp-block-heading\">Interpr\u00e9tariat cons\u00e9cutive (s\u00e9quentielle)<\/h4>\n\n\n\n<p>Dans l\u2019interpr\u00e9tariat cons\u00e9cutive, l\u2019interpr\u00e8te d\u00e9bute seulement lorsque l\u2019orateur a fini son discours. L\u2019interpr\u00e9tariat cons\u00e9cutive sugg\u00e8re que l\u2019interpr\u00e8te \u00e9coute l\u2019intervenant et puis reproduise une phrase ou une partie du discours \u00e0 chaque s\u00e9quence \u00e0 la langue cible pour les auditeurs.<\/p>\n\n\n\n<div style=\"height:40px\" aria-hidden=\"true\" class=\"wp-block-spacer\"><\/div>\n\n\n\n<h4 class=\"wp-block-heading\">Interpr\u00e9tariat simultan\u00e9e<\/h4>\n\n\n\n<p>L\u2019interpr\u00e8te en simultan\u00e9 \u00e9coute ce que l\u2019orateur dit tout en traduisant ses propos \u00e0 une autre langue en temps r\u00e9el.<\/p>\n\n\n\n<div style=\"height:40px\" aria-hidden=\"true\" class=\"wp-block-spacer\"><\/div>\n\n\n\n<h4 class=\"wp-block-heading\">Traduction<\/h4>\n\n\n\n<p>Quelque chose \u00e0 traduire en Anglais? Nous le faisons ! Avec nos services Anglais ou Fran\u00e7ais vers le Swahili, Lingala ou le Ciluba (vice-versa), faites-nous conna\u00eetre vos besoins. Avec une tarification standard, appliqu\u00e9e dans le secteur, notre service sera bien fait et avec c\u00e9l\u00e9rit\u00e9.<\/p>\n\n\n\n<div style=\"height:40px\" aria-hidden=\"true\" class=\"wp-block-spacer\"><\/div>\n\n\n\n<h4 class=\"wp-block-heading\">Relecture<\/h4>\n\n\n\n<p>Traduisez-vous l\u2019Anglais en Fran\u00e7ais, en Swahili, Lingala ou Ciluba, mais avez besoin d\u2019\u00eatre relu ou d\u2019un avis? Nous parlons, lisons et \u00e9crivons ces langues avec une comp\u00e9tence de langue maternelle.<\/p>\n\n\n\n<div style=\"height:40px\" aria-hidden=\"true\" class=\"wp-block-spacer\"><\/div>\n<\/div>\n<\/div>\n\n\n\n<div style=\"height:64px\" aria-hidden=\"true\" class=\"wp-block-spacer\"><\/div>\n\n\n\n<p><\/p>\n<\/div><\/div>\n\n\n<p><!-- \/wp:post-content --><\/p>\n<p><!-- wp:cover {\"url\":\"https:\/\/akulainterpreting.com\/wp-content\/uploads\/sites\/22\/2020\/08\/img_1678-hdr_755x574.jpg\",\"id\":443,\"dimRatio\":40,\"customOverlayColor\":\"#FFFFFF\",\"align\":\"full\"} --><\/p>\n<div class=\"wp-block-cover alignfull has-background-dim-40 has-background-dim\" style=\"background-image: url('https:\/\/akulainterpreting.com\/wp-content\/uploads\/sites\/22\/2020\/08\/img_1678-hdr_755x574.jpg'); background-color: #ffffff;\">\n<div class=\"wp-block-cover__inner-container\"><!-- wp:jetpack\/layout-grid {\"column1DesktopSpan\":8,\"column1DesktopOffset\":2,\"column1TabletSpan\":8,\"column1MobileSpan\":4,\"column2DesktopOffset\":4,\"className\":\"column1-desktop-grid__span-8 column1-desktop-grid__start-3 column1-desktop-grid__row-1 column1-tablet-grid__span-8 column1-tablet-grid__row-1 column1-mobile-grid__span-4 column1-mobile-grid__row-1\"} --><p><\/p>\n<div class=\"wp-block-jetpack-layout-grid alignfull column1-desktop-grid__span-8 column1-desktop-grid__start-3 column1-desktop-grid__row-1 column1-tablet-grid__span-8 column1-tablet-grid__row-1 column1-mobile-grid__span-4 column1-mobile-grid__row-1\"><!-- wp:jetpack\/layout-grid-column --><p><\/p>\n<div class=\"wp-block-jetpack-layout-grid-column wp-block-jetpack-layout-grid__padding-none\">&nbsp;<\/div>\n<p><!-- \/wp:jetpack\/layout-grid-column --><\/p>\n<\/div>\n<p><!-- \/wp:jetpack\/layout-grid --><\/p>\n<\/div>\n<\/div>\n<p><!-- \/wp:cover --><\/p>","protected":false},"excerpt":{"rendered":"<p>Je suis n\u00e9e \u00e0 Kinshasa, RDC ou R\u00e9publique D\u00e9mocratique du Congo. \u00c9tablie g\u00e9ographiquement au centre de l\u2019Afrique, la RDC abrite (environ) 80 millions d\u2019habitants et \u00e0 peu pr\u00e8s 300 langues. J\u2019ai grandi dans un syst\u00e8me propice \u00e0 la ma\u00eetrise de plusieurs langues ; cet apprentissage a \u00e9t\u00e9 rendu possible gr\u00e2ce au syst\u00e8me \u00e9ducatif, \u00e0 la<a class=\"more-link\" href=\"https:\/\/akulainterpreting.com\/fr\/services\/\">Continue reading <span class=\"screen-reader-text\">&#8220;Services&#8221;<\/span><\/a><\/p>\n","protected":false},"author":1,"featured_media":0,"parent":0,"menu_order":0,"comment_status":"closed","ping_status":"closed","template":"","meta":{"footnotes":""},"class_list":["post-51","page","type-page","status-publish","hentry","entry"],"jetpack_sharing_enabled":true,"_links":{"self":[{"href":"https:\/\/akulainterpreting.com\/fr\/wp-json\/wp\/v2\/pages\/51","targetHints":{"allow":["GET"]}}],"collection":[{"href":"https:\/\/akulainterpreting.com\/fr\/wp-json\/wp\/v2\/pages"}],"about":[{"href":"https:\/\/akulainterpreting.com\/fr\/wp-json\/wp\/v2\/types\/page"}],"author":[{"embeddable":true,"href":"https:\/\/akulainterpreting.com\/fr\/wp-json\/wp\/v2\/users\/1"}],"replies":[{"embeddable":true,"href":"https:\/\/akulainterpreting.com\/fr\/wp-json\/wp\/v2\/comments?post=51"}],"version-history":[{"count":6,"href":"https:\/\/akulainterpreting.com\/fr\/wp-json\/wp\/v2\/pages\/51\/revisions"}],"predecessor-version":[{"id":665,"href":"https:\/\/akulainterpreting.com\/fr\/wp-json\/wp\/v2\/pages\/51\/revisions\/665"}],"wp:attachment":[{"href":"https:\/\/akulainterpreting.com\/fr\/wp-json\/wp\/v2\/media?parent=51"}],"curies":[{"name":"wp","href":"https:\/\/api.w.org\/{rel}","templated":true}]}}