{"id":79,"date":"2020-08-28T05:05:08","date_gmt":"2020-08-28T05:05:08","guid":{"rendered":"http:\/\/akulainterpreting.com\/?page_id=79"},"modified":"2024-06-13T14:56:38","modified_gmt":"2024-06-13T14:56:38","slug":"accueil","status":"publish","type":"page","link":"https:\/\/akulainterpreting.com\/fr\/","title":{"rendered":"ACCUEIL"},"content":{"rendered":"\n<h1 class=\"wp-block-heading has-text-align-center\">Interpr\u00e9tariat et Traduction des langues et dialectes Africains ainsi que d\u2019autres langues.<\/h1>\n\n\n\n<div style=\"height:32px\" aria-hidden=\"true\" class=\"wp-block-spacer\"><\/div>\n\n\n\n<figure class=\"wp-block-image alignwide size-large\"><img data-recalc-dims=\"1\" loading=\"lazy\" decoding=\"async\" width=\"750\" height=\"250\" src=\"https:\/\/i0.wp.com\/akulainterpreting.com\/wp-content\/uploads\/sites\/22\/2020\/08\/pixabay-sparrows-sparrows-family-birds-2759978-_1920-hdr-72dpi.jpg?resize=750%2C250&#038;ssl=1\" alt=\"\" class=\"wp-image-447\" srcset=\"https:\/\/i0.wp.com\/akulainterpreting.com\/fr\/wp-content\/uploads\/sites\/22\/2020\/08\/pixabay-sparrows-sparrows-family-birds-2759978-_1920-hdr-72dpi.jpg?w=1920&amp;ssl=1 1920w, https:\/\/i0.wp.com\/akulainterpreting.com\/fr\/wp-content\/uploads\/sites\/22\/2020\/08\/pixabay-sparrows-sparrows-family-birds-2759978-_1920-hdr-72dpi.jpg?resize=300%2C100&amp;ssl=1 300w, https:\/\/i0.wp.com\/akulainterpreting.com\/fr\/wp-content\/uploads\/sites\/22\/2020\/08\/pixabay-sparrows-sparrows-family-birds-2759978-_1920-hdr-72dpi.jpg?resize=1024%2C342&amp;ssl=1 1024w, https:\/\/i0.wp.com\/akulainterpreting.com\/fr\/wp-content\/uploads\/sites\/22\/2020\/08\/pixabay-sparrows-sparrows-family-birds-2759978-_1920-hdr-72dpi.jpg?resize=768%2C256&amp;ssl=1 768w, https:\/\/i0.wp.com\/akulainterpreting.com\/fr\/wp-content\/uploads\/sites\/22\/2020\/08\/pixabay-sparrows-sparrows-family-birds-2759978-_1920-hdr-72dpi.jpg?resize=1536%2C513&amp;ssl=1 1536w, https:\/\/i0.wp.com\/akulainterpreting.com\/fr\/wp-content\/uploads\/sites\/22\/2020\/08\/pixabay-sparrows-sparrows-family-birds-2759978-_1920-hdr-72dpi.jpg?resize=1568%2C523&amp;ssl=1 1568w\" sizes=\"auto, (max-width: 750px) 100vw, 750px\" \/><\/figure>\n\n\n\n<div style=\"height:32px\" aria-hidden=\"true\" class=\"wp-block-spacer\"><\/div>\n\n\n\n<p class=\"has-text-align-center has-large-font-size\">Depuis l\u2019arriv\u00e9e du Covid \u2013 19, le besoin de services d\u2019interpr\u00e9tariat et de traduction est de plus en plus demand\u00e9, Akula Interpr\u00e9tariat et traduction SARL se veut de combler cette demande.<\/p>\n\n\n\n<div style=\"height:32px\" aria-hidden=\"true\" class=\"wp-block-spacer\"><\/div>\n\n\n\n<div class=\"wp-block-columns alignwide are-vertically-aligned-center is-layout-flex wp-container-core-columns-is-layout-28f84493 wp-block-columns-is-layout-flex\">\n<div class=\"wp-block-column is-vertically-aligned-center is-layout-flow wp-block-column-is-layout-flow\">\n<h4 class=\"wp-block-heading\">Akula Interpr\u00e9tariat et Traduction SARL a vu le jour pour aider les fournisseurs de service ainsi que les entit\u00e9s et personnes avec barri\u00e8re linguistique \u00e0 acc\u00e9der aux services de langues.<\/h4>\n\n\n\n<p>A mon arriv\u00e9e comme immigr\u00e9e aux Etats \u2013 Unis, j\u2019ai d\u00fb faire mon chemin \u00e0 travers les arcanes du syst\u00e8me Am\u00e9ricain. Je recevais presque tous les jours du courrier avec des formulaires \u00e0 remplir, des besoins de passer des coups de fil, des rendez-vous \u00e0 honorer, etc. \u2014 tout cela n\u00e9cessite un service de langues.<\/p>\n\n\n\n<div class=\"wp-block-button\"><a class=\"wp-block-button__link wp-element-button\" href=\"https:\/\/akulainterpreting.com\/fr\/notre-mission\/\">Notre mission<\/a><\/div>\n\n\n\n<p><\/p>\n<\/div>\n\n\n\n<div class=\"wp-block-column is-vertically-aligned-center is-layout-flow wp-block-column-is-layout-flow\">\n<figure class=\"wp-block-image size-large\"><img data-recalc-dims=\"1\" loading=\"lazy\" decoding=\"async\" width=\"371\" height=\"249\" src=\"https:\/\/i0.wp.com\/akulainterpreting.com\/wp-content\/uploads\/sites\/22\/2020\/08\/img_1691-hdr-374x240-1.jpg?resize=371%2C249&#038;ssl=1\" alt=\"\" class=\"wp-image-461\" srcset=\"https:\/\/i0.wp.com\/akulainterpreting.com\/fr\/wp-content\/uploads\/sites\/22\/2020\/08\/img_1691-hdr-374x240-1.jpg?w=371&amp;ssl=1 371w, https:\/\/i0.wp.com\/akulainterpreting.com\/fr\/wp-content\/uploads\/sites\/22\/2020\/08\/img_1691-hdr-374x240-1.jpg?resize=300%2C201&amp;ssl=1 300w\" sizes=\"auto, (max-width: 371px) 100vw, 371px\" \/><\/figure>\n\n\n\n<p><\/p>\n<\/div>\n<\/div>\n\n\n\n<div style=\"height:64px\" aria-hidden=\"true\" class=\"wp-block-spacer\"><\/div>\n\n\n\n<div class=\"wp-block-cover alignfull is-light\"><span aria-hidden=\"true\" class=\"wp-block-cover__background has-background-dim-60 has-background-dim\" style=\"background-color:#000000\"><\/span><img data-recalc-dims=\"1\" loading=\"lazy\" decoding=\"async\" width=\"750\" height=\"570\" class=\"wp-block-cover__image-background wp-image-445\" src=\"https:\/\/i0.wp.com\/akulainterpreting.com\/wp-content\/uploads\/sites\/22\/2020\/08\/img_1676-hdr_755x574.jpg?resize=750%2C570&#038;ssl=1\" data-object-fit=\"cover\" srcset=\"https:\/\/i0.wp.com\/akulainterpreting.com\/fr\/wp-content\/uploads\/sites\/22\/2020\/08\/img_1676-hdr_755x574.jpg?w=755&amp;ssl=1 755w, https:\/\/i0.wp.com\/akulainterpreting.com\/fr\/wp-content\/uploads\/sites\/22\/2020\/08\/img_1676-hdr_755x574.jpg?resize=300%2C228&amp;ssl=1 300w\" sizes=\"auto, (max-width: 750px) 100vw, 750px\" \/><div class=\"wp-block-cover__inner-container is-layout-flow wp-block-cover-is-layout-flow\">\n<p class=\"has-text-align-center has-huge-font-size\"><strong><strong><strong>Pour plus d\u2019informations g\u00e9n\u00e9rales pour commencer et profiter de notre staff bien form\u00e9, contactez-nous !<\/strong><\/strong><\/strong><\/p>\n\n\n\n<div class=\"wp-block-button aligncenter\"><a class=\"wp-block-button__link wp-element-button\" href=\"https:\/\/akulainterpreting.com\/fr\/contact\/\">Contactez-Nous<\/a><\/div>\n\n\n\n<p><\/p>\n<\/div><\/div>\n\n\n\n<div style=\"height:64px\" aria-hidden=\"true\" class=\"wp-block-spacer\"><\/div>\n\n\n\n<div class=\"wp-block-columns alignwide are-vertically-aligned-center is-layout-flex wp-container-core-columns-is-layout-28f84493 wp-block-columns-is-layout-flex\">\n<div class=\"wp-block-column is-vertically-aligned-center is-layout-flow wp-block-column-is-layout-flow\"><\/div>\n<\/div>\n\n\n\n<div style=\"height:64px\" aria-hidden=\"true\" class=\"wp-block-spacer\"><\/div>\n\n\n\n<div class=\"wp-block-group alignfull has-foreground-dark-background-color has-background\" id=\"homepagefooter\"><div class=\"wp-block-group__inner-container is-layout-flow wp-block-group-is-layout-flow\">\n<div style=\"height:32px\" aria-hidden=\"true\" class=\"wp-block-spacer\"><\/div>\n\n\n\n<div class=\"wp-block-columns alignwide is-layout-flex wp-container-core-columns-is-layout-28f84493 wp-block-columns-is-layout-flex\">\n<div class=\"wp-block-column is-layout-flow wp-block-column-is-layout-flow\">\n<div id=\"footerlogo\">\n<h2 class=\"has-background-dark-color has-text-color akulafooter-name\">AKULA<\/h2>\n<h2 class=\"has-background-dark-color has-text-color akulafooter-tag\">Interpr\u00e9tariat and Traduction sarl<\/h2>\n<\/div>\n\n\n\n<p class=\"has-background-dark-color has-text-color\"><\/p>\n<\/div>\n\n\n\n<div class=\"wp-block-column is-layout-flow wp-block-column-is-layout-flow\">\n<div id=\"akula-home-footer\">\n<p class=\"\"><a href=\"https:\/\/akulainterpreting.com\/fr\/contact\/\">Contactez-nous<\/a><\/p>\n<p class=\"\">P.0. Box # 11 Delmar, NY 12054<\/p>\n<\/div>\n\n\n\n<p><\/p>\n<\/div>\n<\/div>\n<\/div><\/div>\n","protected":false},"excerpt":{"rendered":"<p>Interpr\u00e9tariat et Traduction des langues et dialectes Africains ainsi que d\u2019autres langues. Depuis l\u2019arriv\u00e9e du Covid \u2013 19, le besoin de services d\u2019interpr\u00e9tariat et de traduction est de plus en plus demand\u00e9, Akula Interpr\u00e9tariat et traduction SARL se veut de combler cette demande. Akula Interpr\u00e9tariat et Traduction SARL a vu le jour pour aider les<a class=\"more-link\" href=\"https:\/\/akulainterpreting.com\/fr\/\">Continue reading <span class=\"screen-reader-text\">&#8220;ACCUEIL&#8221;<\/span><\/a><\/p>\n","protected":false},"author":1,"featured_media":0,"parent":0,"menu_order":0,"comment_status":"closed","ping_status":"closed","template":"","meta":{"footnotes":""},"class_list":["post-79","page","type-page","status-publish","hentry","entry"],"jetpack_sharing_enabled":true,"_links":{"self":[{"href":"https:\/\/akulainterpreting.com\/fr\/wp-json\/wp\/v2\/pages\/79","targetHints":{"allow":["GET"]}}],"collection":[{"href":"https:\/\/akulainterpreting.com\/fr\/wp-json\/wp\/v2\/pages"}],"about":[{"href":"https:\/\/akulainterpreting.com\/fr\/wp-json\/wp\/v2\/types\/page"}],"author":[{"embeddable":true,"href":"https:\/\/akulainterpreting.com\/fr\/wp-json\/wp\/v2\/users\/1"}],"replies":[{"embeddable":true,"href":"https:\/\/akulainterpreting.com\/fr\/wp-json\/wp\/v2\/comments?post=79"}],"version-history":[{"count":9,"href":"https:\/\/akulainterpreting.com\/fr\/wp-json\/wp\/v2\/pages\/79\/revisions"}],"predecessor-version":[{"id":680,"href":"https:\/\/akulainterpreting.com\/fr\/wp-json\/wp\/v2\/pages\/79\/revisions\/680"}],"wp:attachment":[{"href":"https:\/\/akulainterpreting.com\/fr\/wp-json\/wp\/v2\/media?parent=79"}],"curies":[{"name":"wp","href":"https:\/\/api.w.org\/{rel}","templated":true}]}}